{"id":24591,"date":"2019-06-07T09:02:21","date_gmt":"2019-06-07T09:02:21","guid":{"rendered":"https:\/\/annarosa.is\/namskeid\/index.php\/product\/content-marketing\/"},"modified":"2026-03-23T16:13:16","modified_gmt":"2026-03-23T16:13:16","slug":"laekningamattur-islenskra-jurta","status":"publish","type":"product","link":"https:\/\/annarosa.is\/namskeid\/product\/laekningamattur-islenskra-jurta\/","title":{"rendered":"L\u00e6kningam\u00e1ttur \u00edslenskra jurta"},"content":{"rendered":"","protected":false},"excerpt":{"rendered":"<p>Netn\u00e1mskei\u00f0 \u00fear sem \u00fe\u00fa l\u00e6rir um:<\/p>\n<ul>\n<li>14 \u00edslenskar l\u00e6kningajurtir<\/li>\n<li>Notkun, ranns\u00f3knir, s\u00f6gu og \u00fej\u00f3\u00f0tr\u00fa<\/li>\n<li>T\u00ednslu, \u00feurrkun og geymslu<\/li>\n<li>A\u00f0 b\u00faa til te, sey\u00f0i, tinkt\u00farur, bakstra, grisjur, skol og b\u00f6\u00f0<\/li>\n<li>26 uppskriftir<\/li>\n<li>Skr\u00e1ning veitir a\u00f0gang a\u00f0 n\u00e1mskei\u00f0inu \u00ed 12 m\u00e1nu\u00f0i<\/li>\n<\/ul>\n","protected":false},"featured_media":26242,"comment_status":"open","ping_status":"closed","template":"","meta":{"site-sidebar-layout":"default","site-content-layout":"default","ast-site-content-layout":"default","site-content-style":"default","site-sidebar-style":"default","ast-global-header-display":"","ast-banner-title-visibility":"","ast-main-header-display":"","ast-hfb-above-header-display":"","ast-hfb-below-header-display":"","ast-hfb-mobile-header-display":"","site-post-title":"","ast-breadcrumbs-content":"disabled","ast-featured-img":"","footer-sml-layout":"","ast-disable-related-posts":"","theme-transparent-header-meta":"default","adv-header-id-meta":"","stick-header-meta":"","header-above-stick-meta":"","header-main-stick-meta":"","header-below-stick-meta":"","astra-migrate-meta-layouts":"set","ast-page-background-enabled":"default","ast-page-background-meta":{"desktop":{"background-color":"","background-image":"","background-repeat":"repeat","background-position":"center center","background-size":"auto","background-attachment":"scroll","background-type":"","background-media":"","overlay-type":"","overlay-color":"","overlay-opacity":"","overlay-gradient":""},"tablet":{"background-color":"","background-image":"","background-repeat":"repeat","background-position":"center center","background-size":"auto","background-attachment":"scroll","background-type":"","background-media":"","overlay-type":"","overlay-color":"","overlay-opacity":"","overlay-gradient":""},"mobile":{"background-color":"","background-image":"","background-repeat":"repeat","background-position":"center center","background-size":"auto","background-attachment":"scroll","background-type":"","background-media":"","overlay-type":"","overlay-color":"","overlay-opacity":"","overlay-gradient":""}},"ast-content-background-meta":{"desktop":{"background-color":"var(--ast-global-color-5)","background-image":"","background-repeat":"repeat","background-position":"center center","background-size":"auto","background-attachment":"scroll","background-type":"","background-media":"","overlay-type":"","overlay-color":"","overlay-opacity":"","overlay-gradient":""},"tablet":{"background-color":"var(--ast-global-color-5)","background-image":"","background-repeat":"repeat","background-position":"center center","background-size":"auto","background-attachment":"scroll","background-type":"","background-media":"","overlay-type":"","overlay-color":"","overlay-opacity":"","overlay-gradient":""},"mobile":{"background-color":"var(--ast-global-color-5)","background-image":"","background-repeat":"repeat","background-position":"center center","background-size":"auto","background-attachment":"scroll","background-type":"","background-media":"","overlay-type":"","overlay-color":"","overlay-opacity":"","overlay-gradient":""}}},"product_brand":[],"product_cat":[40],"product_tag":[],"class_list":{"0":"post-24591","1":"product","2":"type-product","3":"status-publish","4":"has-post-thumbnail","6":"product_cat-namskeid","7":"desktop-align-left","8":"tablet-align-left","9":"mobile-align-left","11":"first","12":"instock","13":"virtual","14":"sold-individually","15":"purchasable","16":"product-type-course"},"_links":{"self":[{"href":"https:\/\/annarosa.is\/namskeid\/wp-json\/wp\/v2\/product\/24591","targetHints":{"allow":["GET"]}}],"collection":[{"href":"https:\/\/annarosa.is\/namskeid\/wp-json\/wp\/v2\/product"}],"about":[{"href":"https:\/\/annarosa.is\/namskeid\/wp-json\/wp\/v2\/types\/product"}],"replies":[{"embeddable":true,"href":"https:\/\/annarosa.is\/namskeid\/wp-json\/wp\/v2\/comments?post=24591"}],"wp:featuredmedia":[{"embeddable":true,"href":"https:\/\/annarosa.is\/namskeid\/wp-json\/wp\/v2\/media\/26242"}],"wp:attachment":[{"href":"https:\/\/annarosa.is\/namskeid\/wp-json\/wp\/v2\/media?parent=24591"}],"wp:term":[{"taxonomy":"product_brand","embeddable":true,"href":"https:\/\/annarosa.is\/namskeid\/wp-json\/wp\/v2\/product_brand?post=24591"},{"taxonomy":"product_cat","embeddable":true,"href":"https:\/\/annarosa.is\/namskeid\/wp-json\/wp\/v2\/product_cat?post=24591"},{"taxonomy":"product_tag","embeddable":true,"href":"https:\/\/annarosa.is\/namskeid\/wp-json\/wp\/v2\/product_tag?post=24591"}],"curies":[{"name":"wp","href":"https:\/\/api.w.org\/{rel}","templated":true}]}}