{"id":25411,"date":"2022-07-25T20:28:39","date_gmt":"2022-07-25T20:28:39","guid":{"rendered":"https:\/\/annarosa.is\/namskeid\/?page_id=25411"},"modified":"2023-04-21T12:19:36","modified_gmt":"2023-04-21T12:19:36","slug":"terms-conditions","status":"publish","type":"page","link":"https:\/\/annarosa.is\/namskeid\/terms-conditions\/","title":{"rendered":"Skilm\u00e1lar"},"content":{"rendered":"<p>Skilm\u00e1lar \u00feessir gilda um kaup \u00e1 v\u00f6ru e\u00f0a \u00fej\u00f3nustu \u00e1 vefsv\u00e6\u00f0inu annarosa.is\/namskeid. Eigandi er Anna R\u00f3sa grasal\u00e6knir ehf., kt. 531108-1080, Langholtsvegi 109, 104 Reykjav\u00edk, sem framlei\u00f0ir h\u00fa\u00f0v\u00f6rur og f\u00e6\u00f0ub\u00f3tarefni \u00far jurtum.<\/p>\n<p><strong>Pantanir<\/strong><br \/>\nPantanir eru afgreiddar \u00feegar grei\u00f0sla hefur borist og \u00fe\u00e1 er kaupanda send sta\u00f0festing \u00ed t\u00f6lvup\u00f3sti. Anna R\u00f3sa grasal\u00e6knir ehf. \u00e1skilur s\u00e9r r\u00e9tt til a\u00f0 h\u00e6tta vi\u00f0 pantanir, t.d. vegna rangra ver\u00f0uppl\u00fdsinga og einnig a\u00f0 breyta ver\u00f0um e\u00f0a h\u00e6tta a\u00f0 bj\u00f3\u00f0a upp \u00e1 v\u00f6rutegundir fyrirvaralaust.<\/p>\n<p><strong>Pers\u00f3nuuppl\u00fdsingar<\/strong><br \/>\n\u00c1 annarosa.is\/namskeid er a\u00f0gengileg <a href=\"https:\/\/annarosa.is\/namskeid\/privacy-policy\/\">pers\u00f3nuverndarstefna<\/a> f\u00e9lagsins. \u00cd \u00feessari pers\u00f3nuverndarstefnu kemur fram hvernig Anna R\u00f3sa grasal\u00e6knir ehf. vinnur me\u00f0 \u00fe\u00e6r pers\u00f3nuuppl\u00fdsingar sem f\u00e9lagi\u00f0 geymir um kaupanda og hva\u00f0a r\u00e9tt hann \u00e1 var\u00f0andi \u00fe\u00e6r uppl\u00fdsingar.<\/p>\n<p><strong>Grei\u00f0slur<\/strong><br \/>\nH\u00e6gt er a\u00f0 grei\u00f0a \u00e1 annarosa.is me\u00f0 visa electron, maestro og mastercard debit- og kreditkortum. \u00d6ll vinnsla kreditkortauppl\u00fdsinga fer fram \u00ed \u00f6ruggri grei\u00f0slug\u00e1tt hj\u00e1 Rapyd grei\u00f0slumi\u00f0lun (Korta\u00fej\u00f3nustan).<\/p>\n<p><strong>Ver\u00f0<\/strong><br \/>\n\u00d6ll ver\u00f0 \u00ed vefverslun eru uppgefin \u00ed \u00edslenskum kr\u00f3num og me\u00f0 vir\u00f0isaukaskatti \u00feegar \u00fea\u00f0 \u00e1 vi\u00f0. N\u00e1mskei\u00f0 eru ekki vir\u00f0isaukaskattskyld. \u00d6ll ver\u00f0 eru birt me\u00f0 fyrirvara um innsl\u00e1ttarvillur, myndabrengl e\u00f0a prentvillur og geta breyst \u00e1n fyrirvara.<\/p>\n<p><strong>Skilar\u00e9ttur<\/strong><br \/>\nEkki er h\u00e6gt a\u00f0 f\u00e1 netn\u00e1mskei\u00f0i\u00f0 &#8220;L\u00e6kningam\u00e1ttur \u00edslenskra jurta&#8221; endurgreitt \u00fear sem allt n\u00e1msefni\u00f0 er a\u00f0gengilegt um lei\u00f0 og kaup hafa fari\u00f0 fram. Ef vi\u00f0skiptavinur vill endurgrei\u00f0slu \u00fear sem hann telur a\u00f0 l\u00fdsingin \u00e1 n\u00e1mskei\u00f0inu s\u00e9 ekki \u00ed samr\u00e6mi vi\u00f0 n\u00e1mskei\u00f0sinnihald \u00fe\u00e1 skal senda skriflegan r\u00f6kstu\u00f0ning \u00e1: <a href=\"onnuson@annarosa.is\">onnuson@annarosa.is.<\/a><\/p>\n<p><strong>Netn\u00e1mskei\u00f0i\u00f0 L\u00e6kningam\u00e1ttur \u00edslenskra jurta<\/strong><br \/>\nN\u00e1mskei\u00f0i\u00f0 &#8220;L\u00e6kningam\u00e1ttur \u00edslenskra jurta&#8221; er netn\u00e1mskei\u00f0 \u00fear sem allt n\u00e1msefni er a\u00f0gengilegt um lei\u00f0 og kaup hafa fari\u00f0 fram. A\u00f0gangur a\u00f0 n\u00e1mskei\u00f0inu gildir \u00ed 12 m\u00e1nu\u00f0i fr\u00e1 kaupum, a\u00f0 \u00fev\u00ed li\u00f0nu hefur kaupandi ekki lengur neinn a\u00f0gang a\u00f0 n\u00e1msefninu. Ekki er h\u00e6gt a\u00f0 hala ni\u00f0ur myndb\u00f6ndum n\u00e9 gl\u00e6rum \u00ed fyrirlestrum. H\u00e6gt er a\u00f0 hala ni\u00f0ur \u00f6llum uppskriftir og or\u00f0ask\u00fdringum. \u00c1 \u00feessu n\u00e1mskei\u00f0i er fjalla\u00f0 um 14 \u00edslenskar l\u00e6kningajurtir og einnig fylgja me\u00f0 26 uppskriftir.<\/p>\n<p><strong>Tr\u00fana\u00f0ur og pers\u00f3nuuppl\u00fdsingar<\/strong><br \/>\nAnna R\u00f3sa grasal\u00e6knir ehf. heitir fullum tr\u00fana\u00f0i vegna pers\u00f3nuuppl\u00fdsinga sem kaupandi gefur upp \u00ed tengslum vi\u00f0 vi\u00f0skiptin. Um skilm\u00e1la \u00feessa gilda \u00e1kv\u00e6\u00f0i laga um h\u00fasg\u00f6ngu- og fjars\u00f6lu nr. 96\/1992, \u00e1kv\u00e6\u00f0i laga um lausafj\u00e1rkaup nr. 50\/2000 eftir \u00fev\u00ed sem vi\u00f0 getur \u00e1tt og \u00e1kv\u00e6\u00f0i laga um neytendakaup nr. 48\/2003. Allir frestir sem nefndir eru \u00ed l\u00f6gum nr. 96\/1992 byrja a\u00f0 l\u00ed\u00f0a \u00feegar m\u00f3ttaka v\u00f6ru \u00e1 s\u00e9r sta\u00f0. Lesa pers\u00f3nuverndarstefnu.<\/p>\n<p><strong>\u00c1greiningur<\/strong><br \/>\nEf \u00e1greiningur r\u00eds \u00e1 milli kaupanda og seljanda um efni \u00feessara skilm\u00e1la e\u00f0a vegna brota \u00e1 \u00feeim m\u00e1 bera vi\u00f0komandi m\u00e1l undir K\u00e6runefnd \u00fej\u00f3nustu og lausafj\u00e1rkaupa hj\u00e1 Neytendastofu. R\u00edsi m\u00e1l vegna \u00feessa samnings skal \u00fea\u00f0 reki\u00f0 fyrir H\u00e9ra\u00f0sd\u00f3mi Reykjav\u00edkur skv. \u00e1kv\u00e6\u00f0um laga nr. 91\/1991.<\/p>\n","protected":false},"excerpt":{"rendered":"<p>Skilm\u00e1lar \u00feessir gilda um kaup \u00e1 v\u00f6ru e\u00f0a \u00fej\u00f3nustu \u00e1 vefsv\u00e6\u00f0inu annarosa.is\/namskeid. Eigandi er Anna R\u00f3sa grasal\u00e6knir ehf., kt. 531108-1080, Langholtsvegi 109, 104 Reykjav\u00edk, sem framlei\u00f0ir h\u00fa\u00f0v\u00f6rur og f\u00e6\u00f0ub\u00f3tarefni \u00far jurtum. Pantanir Pantanir eru afgreiddar \u00feegar grei\u00f0sla hefur borist og \u00fe\u00e1 er kaupanda send sta\u00f0festing \u00ed t\u00f6lvup\u00f3sti. Anna R\u00f3sa grasal\u00e6knir ehf. \u00e1skilur s\u00e9r r\u00e9tt til [&hellip;]<\/p>\n","protected":false},"author":1,"featured_media":0,"parent":0,"menu_order":0,"comment_status":"closed","ping_status":"closed","template":"","meta":{"site-sidebar-layout":"default","site-content-layout":"default","ast-site-content-layout":"default","site-content-style":"default","site-sidebar-style":"default","ast-global-header-display":"","ast-banner-title-visibility":"","ast-main-header-display":"","ast-hfb-above-header-display":"","ast-hfb-below-header-display":"","ast-hfb-mobile-header-display":"","site-post-title":"","ast-breadcrumbs-content":"","ast-featured-img":"","footer-sml-layout":"","ast-disable-related-posts":"","theme-transparent-header-meta":"default","adv-header-id-meta":"","stick-header-meta":"","header-above-stick-meta":"","header-main-stick-meta":"","header-below-stick-meta":"","astra-migrate-meta-layouts":"default","ast-page-background-enabled":"default","ast-page-background-meta":{"desktop":{"background-color":"","background-image":"","background-repeat":"repeat","background-position":"center center","background-size":"auto","background-attachment":"scroll","background-type":"","background-media":"","overlay-type":"","overlay-color":"","overlay-opacity":"","overlay-gradient":""},"tablet":{"background-color":"","background-image":"","background-repeat":"repeat","background-position":"center center","background-size":"auto","background-attachment":"scroll","background-type":"","background-media":"","overlay-type":"","overlay-color":"","overlay-opacity":"","overlay-gradient":""},"mobile":{"background-color":"","background-image":"","background-repeat":"repeat","background-position":"center center","background-size":"auto","background-attachment":"scroll","background-type":"","background-media":"","overlay-type":"","overlay-color":"","overlay-opacity":"","overlay-gradient":""}},"ast-content-background-meta":{"desktop":{"background-color":"var(--ast-global-color-5)","background-image":"","background-repeat":"repeat","background-position":"center center","background-size":"auto","background-attachment":"scroll","background-type":"","background-media":"","overlay-type":"","overlay-color":"","overlay-opacity":"","overlay-gradient":""},"tablet":{"background-color":"var(--ast-global-color-5)","background-image":"","background-repeat":"repeat","background-position":"center center","background-size":"auto","background-attachment":"scroll","background-type":"","background-media":"","overlay-type":"","overlay-color":"","overlay-opacity":"","overlay-gradient":""},"mobile":{"background-color":"var(--ast-global-color-5)","background-image":"","background-repeat":"repeat","background-position":"center center","background-size":"auto","background-attachment":"scroll","background-type":"","background-media":"","overlay-type":"","overlay-color":"","overlay-opacity":"","overlay-gradient":""}},"footnotes":""},"class_list":["post-25411","page","type-page","status-publish","hentry"],"_links":{"self":[{"href":"https:\/\/annarosa.is\/namskeid\/wp-json\/wp\/v2\/pages\/25411","targetHints":{"allow":["GET"]}}],"collection":[{"href":"https:\/\/annarosa.is\/namskeid\/wp-json\/wp\/v2\/pages"}],"about":[{"href":"https:\/\/annarosa.is\/namskeid\/wp-json\/wp\/v2\/types\/page"}],"author":[{"embeddable":true,"href":"https:\/\/annarosa.is\/namskeid\/wp-json\/wp\/v2\/users\/1"}],"replies":[{"embeddable":true,"href":"https:\/\/annarosa.is\/namskeid\/wp-json\/wp\/v2\/comments?post=25411"}],"version-history":[{"count":8,"href":"https:\/\/annarosa.is\/namskeid\/wp-json\/wp\/v2\/pages\/25411\/revisions"}],"predecessor-version":[{"id":27581,"href":"https:\/\/annarosa.is\/namskeid\/wp-json\/wp\/v2\/pages\/25411\/revisions\/27581"}],"wp:attachment":[{"href":"https:\/\/annarosa.is\/namskeid\/wp-json\/wp\/v2\/media?parent=25411"}],"curies":[{"name":"wp","href":"https:\/\/api.w.org\/{rel}","templated":true}]}}